{"id":335,"date":"2025-06-24T09:24:10","date_gmt":"2025-06-24T09:24:10","guid":{"rendered":"https:\/\/limpiezamundaka.com\/restablecer-contrasena\/"},"modified":"2025-06-24T09:24:10","modified_gmt":"2025-06-24T09:24:10","slug":"restablecer-contrasena","status":"publish","type":"page","link":"https:\/\/limpiezamundaka.com\/eus\/restablecer-contrasena\/","title":{"rendered":"Restablecer contrase\u00f1a"},"content":{"rendered":"","protected":false},"excerpt":{"rendered":"","protected":false},"author":1,"featured_media":0,"parent":0,"menu_order":0,"comment_status":"closed","ping_status":"closed","template":"","meta":{"footnotes":""},"class_list":["post-335","page","type-page","status-publish","hentry"],"yoast_head":"<!-- This site is optimized with the Yoast SEO plugin v27.5 - https:\/\/yoast.com\/product\/yoast-seo-wordpress\/ -->\n<title>Restablecer contrase\u00f1a - Mundaka Garbiketak<\/title>\n<meta name=\"robots\" content=\"index, follow, max-snippet:-1, max-image-preview:large, max-video-preview:-1\" \/>\n<link rel=\"canonical\" href=\"https:\/\/limpiezamundaka.com\/eus\/restablecer-contrasena\/\" \/>\n<meta property=\"og:locale\" content=\"en_US\" \/>\n<meta property=\"og:type\" content=\"article\" \/>\n<meta property=\"og:title\" content=\"Restablecer contrase\u00f1a - Mundaka Garbiketak\" \/>\n<meta property=\"og:url\" content=\"https:\/\/limpiezamundaka.com\/eus\/restablecer-contrasena\/\" \/>\n<meta property=\"og:site_name\" content=\"Mundaka Garbiketak\" \/>\n<meta name=\"twitter:card\" content=\"summary_large_image\" \/>\n<script type=\"application\/ld+json\" class=\"yoast-schema-graph\">{\"@context\":\"https:\\\/\\\/schema.org\",\"@graph\":[{\"@type\":\"WebPage\",\"@id\":\"https:\\\/\\\/limpiezamundaka.com\\\/restablecer-contrasena\\\/\",\"url\":\"https:\\\/\\\/limpiezamundaka.com\\\/restablecer-contrasena\\\/\",\"name\":\"Restablecer contrase\u00f1a - Mundaka Garbiketak\",\"isPartOf\":{\"@id\":\"https:\\\/\\\/limpiezamundaka.com\\\/#website\"},\"datePublished\":\"2025-06-24T09:24:10+00:00\",\"breadcrumb\":{\"@id\":\"https:\\\/\\\/limpiezamundaka.com\\\/restablecer-contrasena\\\/#breadcrumb\"},\"inLanguage\":\"eu\",\"potentialAction\":[{\"@type\":\"ReadAction\",\"target\":[\"https:\\\/\\\/limpiezamundaka.com\\\/restablecer-contrasena\\\/\"]}]},{\"@type\":\"BreadcrumbList\",\"@id\":\"https:\\\/\\\/limpiezamundaka.com\\\/restablecer-contrasena\\\/#breadcrumb\",\"itemListElement\":[{\"@type\":\"ListItem\",\"position\":1,\"name\":\"Portada\",\"item\":\"https:\\\/\\\/limpiezamundaka.com\\\/\"},{\"@type\":\"ListItem\",\"position\":2,\"name\":\"Restablecer contrase\u00f1a\"}]},{\"@type\":\"WebSite\",\"@id\":\"https:\\\/\\\/limpiezamundaka.com\\\/#website\",\"url\":\"https:\\\/\\\/limpiezamundaka.com\\\/\",\"name\":\"Mundaka Garbiketak\",\"description\":\"Empresa de Limpieza de viviendas tur\u00edsticas, agroturismos, portales, oficinas, garajes, limpieza por realizaci\u00f3n de obras, cristales, casas, limpieza de cocinas y mucho m\u00e1s por Busturialdea.\",\"publisher\":{\"@id\":\"https:\\\/\\\/limpiezamundaka.com\\\/#organization\"},\"potentialAction\":[{\"@type\":\"SearchAction\",\"target\":{\"@type\":\"EntryPoint\",\"urlTemplate\":\"https:\\\/\\\/limpiezamundaka.com\\\/?s={search_term_string}\"},\"query-input\":{\"@type\":\"PropertyValueSpecification\",\"valueRequired\":true,\"valueName\":\"search_term_string\"}}],\"inLanguage\":\"eu\"},{\"@type\":\"Organization\",\"@id\":\"https:\\\/\\\/limpiezamundaka.com\\\/#organization\",\"name\":\"Mundaka Garbiketak\",\"url\":\"https:\\\/\\\/limpiezamundaka.com\\\/\",\"logo\":{\"@type\":\"ImageObject\",\"inLanguage\":\"eu\",\"@id\":\"https:\\\/\\\/limpiezamundaka.com\\\/#\\\/schema\\\/logo\\\/image\\\/\",\"url\":\"https:\\\/\\\/limpiezamundaka.com\\\/wp-content\\\/uploads\\\/2024\\\/06\\\/cropped-LOGO.png\",\"contentUrl\":\"https:\\\/\\\/limpiezamundaka.com\\\/wp-content\\\/uploads\\\/2024\\\/06\\\/cropped-LOGO.png\",\"width\":500,\"height\":245,\"caption\":\"Mundaka Garbiketak\"},\"image\":{\"@id\":\"https:\\\/\\\/limpiezamundaka.com\\\/#\\\/schema\\\/logo\\\/image\\\/\"}}]}<\/script>\n<!-- \/ Yoast SEO plugin. -->","yoast_head_json":{"title":"Restablecer contrase\u00f1a - Mundaka Garbiketak","robots":{"index":"index","follow":"follow","max-snippet":"max-snippet:-1","max-image-preview":"max-image-preview:large","max-video-preview":"max-video-preview:-1"},"canonical":"https:\/\/limpiezamundaka.com\/eus\/restablecer-contrasena\/","og_locale":"en_US","og_type":"article","og_title":"Restablecer contrase\u00f1a - Mundaka Garbiketak","og_url":"https:\/\/limpiezamundaka.com\/eus\/restablecer-contrasena\/","og_site_name":"Mundaka Garbiketak","twitter_card":"summary_large_image","schema":{"@context":"https:\/\/schema.org","@graph":[{"@type":"WebPage","@id":"https:\/\/limpiezamundaka.com\/restablecer-contrasena\/","url":"https:\/\/limpiezamundaka.com\/restablecer-contrasena\/","name":"Restablecer contrase\u00f1a - Mundaka Garbiketak","isPartOf":{"@id":"https:\/\/limpiezamundaka.com\/#website"},"datePublished":"2025-06-24T09:24:10+00:00","breadcrumb":{"@id":"https:\/\/limpiezamundaka.com\/restablecer-contrasena\/#breadcrumb"},"inLanguage":"eu","potentialAction":[{"@type":"ReadAction","target":["https:\/\/limpiezamundaka.com\/restablecer-contrasena\/"]}]},{"@type":"BreadcrumbList","@id":"https:\/\/limpiezamundaka.com\/restablecer-contrasena\/#breadcrumb","itemListElement":[{"@type":"ListItem","position":1,"name":"Portada","item":"https:\/\/limpiezamundaka.com\/"},{"@type":"ListItem","position":2,"name":"Restablecer contrase\u00f1a"}]},{"@type":"WebSite","@id":"https:\/\/limpiezamundaka.com\/#website","url":"https:\/\/limpiezamundaka.com\/","name":"Mundaka Garbiketak","description":"Empresa de Limpieza de viviendas tur\u00edsticas, agroturismos, portales, oficinas, garajes, limpieza por realizaci\u00f3n de obras, cristales, casas, limpieza de cocinas y mucho m\u00e1s por Busturialdea.","publisher":{"@id":"https:\/\/limpiezamundaka.com\/#organization"},"potentialAction":[{"@type":"SearchAction","target":{"@type":"EntryPoint","urlTemplate":"https:\/\/limpiezamundaka.com\/?s={search_term_string}"},"query-input":{"@type":"PropertyValueSpecification","valueRequired":true,"valueName":"search_term_string"}}],"inLanguage":"eu"},{"@type":"Organization","@id":"https:\/\/limpiezamundaka.com\/#organization","name":"Mundaka Garbiketak","url":"https:\/\/limpiezamundaka.com\/","logo":{"@type":"ImageObject","inLanguage":"eu","@id":"https:\/\/limpiezamundaka.com\/#\/schema\/logo\/image\/","url":"https:\/\/limpiezamundaka.com\/wp-content\/uploads\/2024\/06\/cropped-LOGO.png","contentUrl":"https:\/\/limpiezamundaka.com\/wp-content\/uploads\/2024\/06\/cropped-LOGO.png","width":500,"height":245,"caption":"Mundaka Garbiketak"},"image":{"@id":"https:\/\/limpiezamundaka.com\/#\/schema\/logo\/image\/"}}]}},"_links":{"self":[{"href":"https:\/\/limpiezamundaka.com\/eus\/wp-json\/wp\/v2\/pages\/335","targetHints":{"allow":["GET"]}}],"collection":[{"href":"https:\/\/limpiezamundaka.com\/eus\/wp-json\/wp\/v2\/pages"}],"about":[{"href":"https:\/\/limpiezamundaka.com\/eus\/wp-json\/wp\/v2\/types\/page"}],"author":[{"embeddable":true,"href":"https:\/\/limpiezamundaka.com\/eus\/wp-json\/wp\/v2\/users\/1"}],"replies":[{"embeddable":true,"href":"https:\/\/limpiezamundaka.com\/eus\/wp-json\/wp\/v2\/comments?post=335"}],"version-history":[{"count":0,"href":"https:\/\/limpiezamundaka.com\/eus\/wp-json\/wp\/v2\/pages\/335\/revisions"}],"wp:attachment":[{"href":"https:\/\/limpiezamundaka.com\/eus\/wp-json\/wp\/v2\/media?parent=335"}],"curies":[{"name":"wp","href":"https:\/\/api.w.org\/{rel}","templated":true}]}}